{"id":493,"date":"2019-11-21T10:30:10","date_gmt":"2019-11-21T10:30:10","guid":{"rendered":"https:\/\/www.hammamandalusi.com\/experiencias\/andalusi-masaje-45\/"},"modified":"2025-12-18T14:30:10","modified_gmt":"2025-12-18T13:30:10","slug":"andalusi-massage-45","status":"publish","type":"product","link":"https:\/\/hammamandalusi.com\/en\/producto\/andalusi-massage-45\/","title":{"rendered":"ANDALUSI MASSAGE 45\u2019"},"content":{"rendered":"<p><strong>120 minutes. 75 minutes bath + 45 minutes massage<\/strong><\/p>\n<p>Come closer. Walk through the waters and you will hear your mind be quieted. Your senses are filled with delicate aromas, your eyes relax in the dim candle light, your touch returns to life with the sensations that your skin experiences. Warm, hot, cold. Straight and simple. Wellbeing floods your soul as you go again. Hot, cold. Each immersion you release more tension, you free yourself of more worries\u2026 until only you remain.<\/p>\n<p>You head over to the massage area.\u00a0Two firm hands run over your body and relax every corner of it, gently, without haste.\u00a0You eyes nearly close, letting through a slit of warm, homely light.\u00a0Enjoy every second, each movement.<\/p>\n\n  <div class=\"banner has-hover\" id=\"banner-568875553\">\n          <div class=\"banner-inner fill\">\n        <div class=\"banner-bg fill\" >\n                                                \n                    <\/div>\n\t\t\n        <div class=\"banner-layers container\">\n            <div class=\"fill banner-link\"><\/div>            \r\n\r\n   <div id=\"text-box-989279814\" class=\"text-box banner-layer x50 md-x50 lg-x50 y50 md-y50 lg-y50 res-text\">\n                                <div class=\"text-box-content text dark\">\n              \n              <div class=\"text-inner text-center\">\n                  \r\n<p class=\"lead\">When you finish the purchase of this service, we will send you an automatic reply and later, a Gift Voucher (by email or postal mail, depending on your choice), valid for 2 years from the date of purchase. To enjoy it, remember you have to book in advance by sending us an email to <a href=\"mailto:info@hammamandalusi.com\">info@hammamandalusi.com<\/a> or over the phone at 0034 956 34 90 66.<\/p>\r\nYou can also buy the Voucher for a specific day. To do so, contact us beforehand and we will let you know the availability at the date and time required. Remember that in case you do not ask for availability in advance, we won\u2019t be able to confirm the reservation.\r\n\r\n              <\/div>\n           <\/div>\n                            \n<style>\n#text-box-989279814 {\n  width: 85%;\n}\n#text-box-989279814 .text-box-content {\n  font-size: 100%;\n}\n<\/style>\n    <\/div>\n \r\n\r\n        <\/div>\n      <\/div>\n\n            \n<style>\n#banner-568875553 {\n  padding-top: 367px;\n}\n@media (min-width:550px) {\n  #banner-568875553 {\n    padding-top: 325px;\n  }\n}\n@media (min-width:850px) {\n  #banner-568875553 {\n    padding-top: 300px;\n  }\n}\n<\/style>\n  <\/div>\n\n\n","protected":false},"excerpt":{"rendered":"<p>120 minutes. 75 minutes bath + 45 minutes massage<\/p>\n<p>To offer you a personalised experience, this gift card is purchased individually.<br \/>\nIf you wish to purchase more than one, simply complete the checkout and you can place another order immediately.<\/p>\n","protected":false},"featured_media":380,"comment_status":"open","ping_status":"closed","template":"","meta":[],"product_brand":[],"product_cat":[62],"product_tag":[],"class_list":{"0":"post-493","1":"product","2":"type-product","3":"status-publish","4":"has-post-thumbnail","6":"product_cat-baths-and-massages","8":"first","9":"instock","10":"sold-individually","11":"taxable","12":"shipping-taxable","13":"purchasable","14":"product-type-variable"},"yoast_head":"<!-- This site is optimized with the Yoast SEO plugin v27.3 - https:\/\/yoast.com\/product\/yoast-seo-wordpress\/ -->\n<title>ANDALUSI MASSAGE 45\u2019 - Ba\u00f1os Arabes Jerez | Hammam Andalusi Jerez | M\u00e1s que un spa en Jerez|C\u00e1diz<\/title>\n<meta name=\"robots\" content=\"index, follow, max-snippet:-1, max-image-preview:large, max-video-preview:-1\" \/>\n<link rel=\"canonical\" href=\"https:\/\/hammamandalusi.com\/en\/producto\/andalusi-massage-45\/\" \/>\n<meta property=\"og:locale\" content=\"en_US\" \/>\n<meta property=\"og:type\" content=\"article\" \/>\n<meta property=\"og:title\" content=\"ANDALUSI MASSAGE 45\u2019 - Ba\u00f1os Arabes Jerez | Hammam Andalusi Jerez | M\u00e1s que un spa en Jerez|C\u00e1diz\" \/>\n<meta property=\"og:description\" content=\"120 minutes. 75 minutes bath + 45 minutes massage  To offer you a personalised experience, this gift card is purchased individually. If you wish to purchase more than one, simply complete the checkout and you can place another order immediately.\" \/>\n<meta property=\"og:url\" content=\"https:\/\/hammamandalusi.com\/en\/producto\/andalusi-massage-45\/\" \/>\n<meta property=\"og:site_name\" content=\"Ba\u00f1os Arabes Jerez | Hammam Andalusi Jerez | M\u00e1s que un spa en Jerez|C\u00e1diz\" \/>\n<meta property=\"article:publisher\" content=\"https:\/\/www.facebook.com\/hammamandalusi.jerez\/\" \/>\n<meta property=\"article:modified_time\" content=\"2025-12-18T13:30:10+00:00\" \/>\n<meta property=\"og:image\" content=\"https:\/\/hammamandalusi.com\/wp-content\/uploads\/2019\/11\/AndalusiMasajes45.jpg\" \/>\n\t<meta property=\"og:image:width\" content=\"1900\" \/>\n\t<meta property=\"og:image:height\" content=\"1200\" \/>\n\t<meta property=\"og:image:type\" content=\"image\/jpeg\" \/>\n<meta name=\"twitter:card\" content=\"summary_large_image\" \/>\n<meta name=\"twitter:site\" content=\"@hammamandalusi\" \/>\n<meta name=\"twitter:label1\" content=\"Est. reading time\" \/>\n\t<meta name=\"twitter:data1\" content=\"1 minute\" \/>\n<script type=\"application\/ld+json\" class=\"yoast-schema-graph\">{\"@context\":\"https:\\\/\\\/schema.org\",\"@graph\":[{\"@type\":\"WebPage\",\"@id\":\"https:\\\/\\\/hammamandalusi.com\\\/en\\\/producto\\\/andalusi-massage-45\\\/\",\"url\":\"https:\\\/\\\/hammamandalusi.com\\\/en\\\/producto\\\/andalusi-massage-45\\\/\",\"name\":\"ANDALUSI MASSAGE 45\u2019 - Ba\u00f1os Arabes Jerez | Hammam Andalusi Jerez | M\u00e1s que un spa en Jerez|C\u00e1diz\",\"isPartOf\":{\"@id\":\"https:\\\/\\\/hammamandalusi.com\\\/#website\"},\"primaryImageOfPage\":{\"@id\":\"https:\\\/\\\/hammamandalusi.com\\\/en\\\/producto\\\/andalusi-massage-45\\\/#primaryimage\"},\"image\":{\"@id\":\"https:\\\/\\\/hammamandalusi.com\\\/en\\\/producto\\\/andalusi-massage-45\\\/#primaryimage\"},\"thumbnailUrl\":\"https:\\\/\\\/hammamandalusi.com\\\/wp-content\\\/uploads\\\/2019\\\/11\\\/AndalusiMasajes45.jpg\",\"datePublished\":\"2019-11-21T10:30:10+00:00\",\"dateModified\":\"2025-12-18T13:30:10+00:00\",\"breadcrumb\":{\"@id\":\"https:\\\/\\\/hammamandalusi.com\\\/en\\\/producto\\\/andalusi-massage-45\\\/#breadcrumb\"},\"inLanguage\":\"en-US\",\"potentialAction\":[{\"@type\":\"ReadAction\",\"target\":[\"https:\\\/\\\/hammamandalusi.com\\\/en\\\/producto\\\/andalusi-massage-45\\\/\"]}]},{\"@type\":\"ImageObject\",\"inLanguage\":\"en-US\",\"@id\":\"https:\\\/\\\/hammamandalusi.com\\\/en\\\/producto\\\/andalusi-massage-45\\\/#primaryimage\",\"url\":\"https:\\\/\\\/hammamandalusi.com\\\/wp-content\\\/uploads\\\/2019\\\/11\\\/AndalusiMasajes45.jpg\",\"contentUrl\":\"https:\\\/\\\/hammamandalusi.com\\\/wp-content\\\/uploads\\\/2019\\\/11\\\/AndalusiMasajes45.jpg\",\"width\":1900,\"height\":1200},{\"@type\":\"BreadcrumbList\",\"@id\":\"https:\\\/\\\/hammamandalusi.com\\\/en\\\/producto\\\/andalusi-massage-45\\\/#breadcrumb\",\"itemListElement\":[{\"@type\":\"ListItem\",\"position\":1,\"name\":\"Portada\",\"item\":\"https:\\\/\\\/hammamandalusi.com\\\/en\\\/\"},{\"@type\":\"ListItem\",\"position\":2,\"name\":\"Experiences\",\"item\":\"https:\\\/\\\/hammamandalusi.com\\\/en\\\/experiences\\\/\"},{\"@type\":\"ListItem\",\"position\":3,\"name\":\"ANDALUSI MASSAGE 45\u2019\"}]},{\"@type\":\"WebSite\",\"@id\":\"https:\\\/\\\/hammamandalusi.com\\\/#website\",\"url\":\"https:\\\/\\\/hammamandalusi.com\\\/\",\"name\":\"Ba\u00f1os Arabes Jerez | Hammam Andalusi Jerez\",\"description\":\"Ba\u00f1os \u00e1rabes en Jerez para desconectar de la rutina y sumergirte en el legado andalus\u00ed. M\u00e1s que un simple spa en Jerez, ofrecemos circuito de contrastes, tratamientos especiales, masajes relajantes. Eventos en nuestro mirador.\",\"publisher\":{\"@id\":\"https:\\\/\\\/hammamandalusi.com\\\/#organization\"},\"potentialAction\":[{\"@type\":\"SearchAction\",\"target\":{\"@type\":\"EntryPoint\",\"urlTemplate\":\"https:\\\/\\\/hammamandalusi.com\\\/?s={search_term_string}\"},\"query-input\":{\"@type\":\"PropertyValueSpecification\",\"valueRequired\":true,\"valueName\":\"search_term_string\"}}],\"inLanguage\":\"en-US\"},{\"@type\":\"Organization\",\"@id\":\"https:\\\/\\\/hammamandalusi.com\\\/#organization\",\"name\":\"Hammam Andalusi Ba\u00f1os \u00c1rabes Jerez\",\"url\":\"https:\\\/\\\/hammamandalusi.com\\\/\",\"logo\":{\"@type\":\"ImageObject\",\"inLanguage\":\"en-US\",\"@id\":\"https:\\\/\\\/hammamandalusi.com\\\/#\\\/schema\\\/logo\\\/image\\\/\",\"url\":\"https:\\\/\\\/hammamandalusi.com\\\/wp-content\\\/uploads\\\/2020\\\/01\\\/perfil_01.jpg\",\"contentUrl\":\"https:\\\/\\\/hammamandalusi.com\\\/wp-content\\\/uploads\\\/2020\\\/01\\\/perfil_01.jpg\",\"width\":591,\"height\":591,\"caption\":\"Hammam Andalusi Ba\u00f1os \u00c1rabes Jerez\"},\"image\":{\"@id\":\"https:\\\/\\\/hammamandalusi.com\\\/#\\\/schema\\\/logo\\\/image\\\/\"},\"sameAs\":[\"https:\\\/\\\/www.facebook.com\\\/hammamandalusi.jerez\\\/\",\"https:\\\/\\\/x.com\\\/hammamandalusi\",\"https:\\\/\\\/www.instagram.com\\\/hammamandalusi\\\/\",\"https:\\\/\\\/www.youtube.com\\\/channel\\\/UC1TLzCOjwIhJKsAflTeJ6FQ\"]}]}<\/script>\n<!-- \/ Yoast SEO plugin. -->","yoast_head_json":{"title":"ANDALUSI MASSAGE 45\u2019 - Ba\u00f1os Arabes Jerez | Hammam Andalusi Jerez | M\u00e1s que un spa en Jerez|C\u00e1diz","robots":{"index":"index","follow":"follow","max-snippet":"max-snippet:-1","max-image-preview":"max-image-preview:large","max-video-preview":"max-video-preview:-1"},"canonical":"https:\/\/hammamandalusi.com\/en\/producto\/andalusi-massage-45\/","og_locale":"en_US","og_type":"article","og_title":"ANDALUSI MASSAGE 45\u2019 - Ba\u00f1os Arabes Jerez | Hammam Andalusi Jerez | M\u00e1s que un spa en Jerez|C\u00e1diz","og_description":"120 minutes. 75 minutes bath + 45 minutes massage  To offer you a personalised experience, this gift card is purchased individually. If you wish to purchase more than one, simply complete the checkout and you can place another order immediately.","og_url":"https:\/\/hammamandalusi.com\/en\/producto\/andalusi-massage-45\/","og_site_name":"Ba\u00f1os Arabes Jerez | Hammam Andalusi Jerez | M\u00e1s que un spa en Jerez|C\u00e1diz","article_publisher":"https:\/\/www.facebook.com\/hammamandalusi.jerez\/","article_modified_time":"2025-12-18T13:30:10+00:00","og_image":[{"width":1900,"height":1200,"url":"https:\/\/hammamandalusi.com\/wp-content\/uploads\/2019\/11\/AndalusiMasajes45.jpg","type":"image\/jpeg"}],"twitter_card":"summary_large_image","twitter_site":"@hammamandalusi","twitter_misc":{"Est. reading time":"1 minute"},"schema":{"@context":"https:\/\/schema.org","@graph":[{"@type":"WebPage","@id":"https:\/\/hammamandalusi.com\/en\/producto\/andalusi-massage-45\/","url":"https:\/\/hammamandalusi.com\/en\/producto\/andalusi-massage-45\/","name":"ANDALUSI MASSAGE 45\u2019 - Ba\u00f1os Arabes Jerez | Hammam Andalusi Jerez | M\u00e1s que un spa en Jerez|C\u00e1diz","isPartOf":{"@id":"https:\/\/hammamandalusi.com\/#website"},"primaryImageOfPage":{"@id":"https:\/\/hammamandalusi.com\/en\/producto\/andalusi-massage-45\/#primaryimage"},"image":{"@id":"https:\/\/hammamandalusi.com\/en\/producto\/andalusi-massage-45\/#primaryimage"},"thumbnailUrl":"https:\/\/hammamandalusi.com\/wp-content\/uploads\/2019\/11\/AndalusiMasajes45.jpg","datePublished":"2019-11-21T10:30:10+00:00","dateModified":"2025-12-18T13:30:10+00:00","breadcrumb":{"@id":"https:\/\/hammamandalusi.com\/en\/producto\/andalusi-massage-45\/#breadcrumb"},"inLanguage":"en-US","potentialAction":[{"@type":"ReadAction","target":["https:\/\/hammamandalusi.com\/en\/producto\/andalusi-massage-45\/"]}]},{"@type":"ImageObject","inLanguage":"en-US","@id":"https:\/\/hammamandalusi.com\/en\/producto\/andalusi-massage-45\/#primaryimage","url":"https:\/\/hammamandalusi.com\/wp-content\/uploads\/2019\/11\/AndalusiMasajes45.jpg","contentUrl":"https:\/\/hammamandalusi.com\/wp-content\/uploads\/2019\/11\/AndalusiMasajes45.jpg","width":1900,"height":1200},{"@type":"BreadcrumbList","@id":"https:\/\/hammamandalusi.com\/en\/producto\/andalusi-massage-45\/#breadcrumb","itemListElement":[{"@type":"ListItem","position":1,"name":"Portada","item":"https:\/\/hammamandalusi.com\/en\/"},{"@type":"ListItem","position":2,"name":"Experiences","item":"https:\/\/hammamandalusi.com\/en\/experiences\/"},{"@type":"ListItem","position":3,"name":"ANDALUSI MASSAGE 45\u2019"}]},{"@type":"WebSite","@id":"https:\/\/hammamandalusi.com\/#website","url":"https:\/\/hammamandalusi.com\/","name":"Ba\u00f1os Arabes Jerez | Hammam Andalusi Jerez","description":"Ba\u00f1os \u00e1rabes en Jerez para desconectar de la rutina y sumergirte en el legado andalus\u00ed. M\u00e1s que un simple spa en Jerez, ofrecemos circuito de contrastes, tratamientos especiales, masajes relajantes. Eventos en nuestro mirador.","publisher":{"@id":"https:\/\/hammamandalusi.com\/#organization"},"potentialAction":[{"@type":"SearchAction","target":{"@type":"EntryPoint","urlTemplate":"https:\/\/hammamandalusi.com\/?s={search_term_string}"},"query-input":{"@type":"PropertyValueSpecification","valueRequired":true,"valueName":"search_term_string"}}],"inLanguage":"en-US"},{"@type":"Organization","@id":"https:\/\/hammamandalusi.com\/#organization","name":"Hammam Andalusi Ba\u00f1os \u00c1rabes Jerez","url":"https:\/\/hammamandalusi.com\/","logo":{"@type":"ImageObject","inLanguage":"en-US","@id":"https:\/\/hammamandalusi.com\/#\/schema\/logo\/image\/","url":"https:\/\/hammamandalusi.com\/wp-content\/uploads\/2020\/01\/perfil_01.jpg","contentUrl":"https:\/\/hammamandalusi.com\/wp-content\/uploads\/2020\/01\/perfil_01.jpg","width":591,"height":591,"caption":"Hammam Andalusi Ba\u00f1os \u00c1rabes Jerez"},"image":{"@id":"https:\/\/hammamandalusi.com\/#\/schema\/logo\/image\/"},"sameAs":["https:\/\/www.facebook.com\/hammamandalusi.jerez\/","https:\/\/x.com\/hammamandalusi","https:\/\/www.instagram.com\/hammamandalusi\/","https:\/\/www.youtube.com\/channel\/UC1TLzCOjwIhJKsAflTeJ6FQ"]}]}},"jetpack_sharing_enabled":true,"_links":{"self":[{"href":"https:\/\/hammamandalusi.com\/en\/wp-json\/wp\/v2\/product\/493","targetHints":{"allow":["GET"]}}],"collection":[{"href":"https:\/\/hammamandalusi.com\/en\/wp-json\/wp\/v2\/product"}],"about":[{"href":"https:\/\/hammamandalusi.com\/en\/wp-json\/wp\/v2\/types\/product"}],"replies":[{"embeddable":true,"href":"https:\/\/hammamandalusi.com\/en\/wp-json\/wp\/v2\/comments?post=493"}],"wp:featuredmedia":[{"embeddable":true,"href":"https:\/\/hammamandalusi.com\/en\/wp-json\/wp\/v2\/media\/380"}],"wp:attachment":[{"href":"https:\/\/hammamandalusi.com\/en\/wp-json\/wp\/v2\/media?parent=493"}],"wp:term":[{"taxonomy":"product_brand","embeddable":true,"href":"https:\/\/hammamandalusi.com\/en\/wp-json\/wp\/v2\/product_brand?post=493"},{"taxonomy":"product_cat","embeddable":true,"href":"https:\/\/hammamandalusi.com\/en\/wp-json\/wp\/v2\/product_cat?post=493"},{"taxonomy":"product_tag","embeddable":true,"href":"https:\/\/hammamandalusi.com\/en\/wp-json\/wp\/v2\/product_tag?post=493"}],"curies":[{"name":"wp","href":"https:\/\/api.w.org\/{rel}","templated":true}]}}