{"id":2224,"date":"2020-12-21T21:29:43","date_gmt":"2020-12-21T20:29:43","guid":{"rendered":"https:\/\/hammamandalusi.com\/?post_type=product&#038;p=2224"},"modified":"2025-12-18T14:27:05","modified_gmt":"2025-12-18T13:27:05","slug":"andalusi-legacy-copia-2","status":"publish","type":"product","link":"https:\/\/hammamandalusi.com\/en\/producto\/andalusi-legacy-copia-2\/","title":{"rendered":"ANDALUSI LEGACY PREMIUM"},"content":{"rendered":"<p><strong>Bath + full body exfoliation +facial and body mask + tea + 30\u2019 massage<\/strong><\/p>\n<p>Evocative melodies flood the air and enchant you into a dreamlike world where your mind is completely calm. The very essence of the Hammam, condensed into a journey of two and a half hours inspired by the Al-Andalus heritage. Give us your hand and start your adventure.<\/p>\n<p>Numb your worries until you eliminate them completely in the arabic baths circuit. Feel your hair stand on end and relax with the flickering of the candles.<\/p>\n<p>The Hammam opens its doors by revealing its most precious secrets. Close your eyes and travel to another word. We will soak your skin with Savon noir and exfoliate it with a kessa glove. Morocco\u2019s most precious ecological clay will cover your body, absorbing impurities, detoxifying and improving the elasticity of your skin.<\/p>\n<p>Rest drinking some Moroccan tea while we prepare your last wish: a relaxing whole body massage with essential oils.<\/p>\n\n  <div class=\"banner has-hover\" id=\"banner-387736092\">\n          <div class=\"banner-inner fill\">\n        <div class=\"banner-bg fill\" >\n                                                \n                    <\/div>\n\t\t\n        <div class=\"banner-layers container\">\n            <div class=\"fill banner-link\"><\/div>            \r\n\r\n   <div id=\"text-box-309695909\" class=\"text-box banner-layer x50 md-x50 lg-x50 y50 md-y50 lg-y50 res-text\">\n                                <div class=\"text-box-content text dark\">\n              \n              <div class=\"text-inner text-center\">\n                  \r\n<p class=\"lead\">When you finish the purchase of this service, we will send you an automatic reply and later, a Gift Voucher (by email or postal mail, depending on your choice), valid for 2 years from the date of purchase. To enjoy it, remember you have to book in advance by sending us an email to <a href=\"mailto:info@hammamandalusi.com\">info@hammamandalusi.com<\/a> or over the phone at 0034 956 34 90 66.<\/p>\r\nYou can also buy the Voucher for a specific day. To do so, contact us beforehand and we will let you know the availability at the date and time required. Remember that in case you do not ask for availability in advance, we won\u2019t be able to confirm the reservation.\r\n\r\n              <\/div>\n           <\/div>\n                            \n<style>\n#text-box-309695909 {\n  width: 85%;\n}\n#text-box-309695909 .text-box-content {\n  font-size: 100%;\n}\n<\/style>\n    <\/div>\n \r\n\r\n        <\/div>\n      <\/div>\n\n            \n<style>\n#banner-387736092 {\n  padding-top: 367px;\n}\n@media (min-width:550px) {\n  #banner-387736092 {\n    padding-top: 325px;\n  }\n}\n@media (min-width:850px) {\n  #banner-387736092 {\n    padding-top: 300px;\n  }\n}\n<\/style>\n  <\/div>\n\n\n","protected":false},"excerpt":{"rendered":"<p>Bath + full body exfoliation +facial and body mask + tea + 30\u2019 massage<\/p>\n<p>To offer you a personalised experience, this gift card is purchased individually.<br \/>\nIf you wish to purchase more than one, simply complete the checkout and you can place another order immediately.<\/p>\n","protected":false},"featured_media":9955,"comment_status":"open","ping_status":"closed","template":"","meta":[],"product_brand":[],"product_cat":[63],"product_tag":[],"class_list":{"0":"post-2224","1":"product","2":"type-product","3":"status-publish","4":"has-post-thumbnail","6":"product_cat-special-treatments","8":"first","9":"instock","10":"sold-individually","11":"taxable","12":"shipping-taxable","13":"purchasable","14":"product-type-variable"},"yoast_head":"<!-- This site is optimized with the Yoast SEO plugin v27.4 - https:\/\/yoast.com\/product\/yoast-seo-wordpress\/ -->\n<title>ANDALUSI LEGACY PREMIUM - Ba\u00f1os Arabes Jerez | Hammam Andalusi Jerez | M\u00e1s que un spa en Jerez|C\u00e1diz<\/title>\n<meta name=\"robots\" content=\"index, follow, max-snippet:-1, max-image-preview:large, max-video-preview:-1\" \/>\n<link rel=\"canonical\" href=\"https:\/\/hammamandalusi.com\/en\/producto\/andalusi-legacy-copia-2\/\" \/>\n<meta property=\"og:locale\" content=\"en_US\" \/>\n<meta property=\"og:type\" content=\"article\" \/>\n<meta property=\"og:title\" content=\"ANDALUSI LEGACY PREMIUM - Ba\u00f1os Arabes Jerez | Hammam Andalusi Jerez | M\u00e1s que un spa en Jerez|C\u00e1diz\" \/>\n<meta property=\"og:description\" content=\"Bath + full body exfoliation +facial and body mask + tea + 30\u2019 massage  To offer you a personalised experience, this gift card is purchased individually. If you wish to purchase more than one, simply complete the checkout and you can place another order immediately.\" \/>\n<meta property=\"og:url\" content=\"https:\/\/hammamandalusi.com\/en\/producto\/andalusi-legacy-copia-2\/\" \/>\n<meta property=\"og:site_name\" content=\"Ba\u00f1os Arabes Jerez | Hammam Andalusi Jerez | M\u00e1s que un spa en Jerez|C\u00e1diz\" \/>\n<meta property=\"article:publisher\" content=\"https:\/\/www.facebook.com\/hammamandalusi.jerez\/\" \/>\n<meta property=\"article:modified_time\" content=\"2025-12-18T13:27:05+00:00\" \/>\n<meta property=\"og:image\" content=\"https:\/\/hammamandalusi.com\/wp-content\/uploads\/2020\/12\/banos-arabes-premium_Mesa-de-trabajo-1_Mesa-de-trabajo-1.png\" \/>\n\t<meta property=\"og:image:width\" content=\"696\" \/>\n\t<meta property=\"og:image:height\" content=\"836\" \/>\n\t<meta property=\"og:image:type\" content=\"image\/png\" \/>\n<meta name=\"twitter:card\" content=\"summary_large_image\" \/>\n<meta name=\"twitter:site\" content=\"@hammamandalusi\" \/>\n<meta name=\"twitter:label1\" content=\"Est. reading time\" \/>\n\t<meta name=\"twitter:data1\" content=\"1 minute\" \/>\n<script type=\"application\/ld+json\" class=\"yoast-schema-graph\">{\"@context\":\"https:\\\/\\\/schema.org\",\"@graph\":[{\"@type\":\"WebPage\",\"@id\":\"https:\\\/\\\/hammamandalusi.com\\\/en\\\/producto\\\/andalusi-legacy-copia-2\\\/\",\"url\":\"https:\\\/\\\/hammamandalusi.com\\\/en\\\/producto\\\/andalusi-legacy-copia-2\\\/\",\"name\":\"ANDALUSI LEGACY PREMIUM - Ba\u00f1os Arabes Jerez | Hammam Andalusi Jerez | M\u00e1s que un spa en Jerez|C\u00e1diz\",\"isPartOf\":{\"@id\":\"https:\\\/\\\/hammamandalusi.com\\\/#website\"},\"primaryImageOfPage\":{\"@id\":\"https:\\\/\\\/hammamandalusi.com\\\/en\\\/producto\\\/andalusi-legacy-copia-2\\\/#primaryimage\"},\"image\":{\"@id\":\"https:\\\/\\\/hammamandalusi.com\\\/en\\\/producto\\\/andalusi-legacy-copia-2\\\/#primaryimage\"},\"thumbnailUrl\":\"https:\\\/\\\/hammamandalusi.com\\\/wp-content\\\/uploads\\\/2020\\\/12\\\/banos-arabes-premium_Mesa-de-trabajo-1_Mesa-de-trabajo-1.png\",\"datePublished\":\"2020-12-21T20:29:43+00:00\",\"dateModified\":\"2025-12-18T13:27:05+00:00\",\"breadcrumb\":{\"@id\":\"https:\\\/\\\/hammamandalusi.com\\\/en\\\/producto\\\/andalusi-legacy-copia-2\\\/#breadcrumb\"},\"inLanguage\":\"en-US\",\"potentialAction\":[{\"@type\":\"ReadAction\",\"target\":[\"https:\\\/\\\/hammamandalusi.com\\\/en\\\/producto\\\/andalusi-legacy-copia-2\\\/\"]}]},{\"@type\":\"ImageObject\",\"inLanguage\":\"en-US\",\"@id\":\"https:\\\/\\\/hammamandalusi.com\\\/en\\\/producto\\\/andalusi-legacy-copia-2\\\/#primaryimage\",\"url\":\"https:\\\/\\\/hammamandalusi.com\\\/wp-content\\\/uploads\\\/2020\\\/12\\\/banos-arabes-premium_Mesa-de-trabajo-1_Mesa-de-trabajo-1.png\",\"contentUrl\":\"https:\\\/\\\/hammamandalusi.com\\\/wp-content\\\/uploads\\\/2020\\\/12\\\/banos-arabes-premium_Mesa-de-trabajo-1_Mesa-de-trabajo-1.png\",\"width\":696,\"height\":836},{\"@type\":\"BreadcrumbList\",\"@id\":\"https:\\\/\\\/hammamandalusi.com\\\/en\\\/producto\\\/andalusi-legacy-copia-2\\\/#breadcrumb\",\"itemListElement\":[{\"@type\":\"ListItem\",\"position\":1,\"name\":\"Portada\",\"item\":\"https:\\\/\\\/hammamandalusi.com\\\/en\\\/\"},{\"@type\":\"ListItem\",\"position\":2,\"name\":\"Experiences\",\"item\":\"https:\\\/\\\/hammamandalusi.com\\\/en\\\/experiences\\\/\"},{\"@type\":\"ListItem\",\"position\":3,\"name\":\"ANDALUSI LEGACY PREMIUM\"}]},{\"@type\":\"WebSite\",\"@id\":\"https:\\\/\\\/hammamandalusi.com\\\/#website\",\"url\":\"https:\\\/\\\/hammamandalusi.com\\\/\",\"name\":\"Ba\u00f1os Arabes Jerez | Hammam Andalusi Jerez\",\"description\":\"Ba\u00f1os \u00e1rabes en Jerez para desconectar de la rutina y sumergirte en el legado andalus\u00ed. M\u00e1s que un simple spa en Jerez, ofrecemos circuito de contrastes, tratamientos especiales, masajes relajantes. Eventos en nuestro mirador.\",\"publisher\":{\"@id\":\"https:\\\/\\\/hammamandalusi.com\\\/#organization\"},\"potentialAction\":[{\"@type\":\"SearchAction\",\"target\":{\"@type\":\"EntryPoint\",\"urlTemplate\":\"https:\\\/\\\/hammamandalusi.com\\\/?s={search_term_string}\"},\"query-input\":{\"@type\":\"PropertyValueSpecification\",\"valueRequired\":true,\"valueName\":\"search_term_string\"}}],\"inLanguage\":\"en-US\"},{\"@type\":\"Organization\",\"@id\":\"https:\\\/\\\/hammamandalusi.com\\\/#organization\",\"name\":\"Hammam Andalusi Ba\u00f1os \u00c1rabes Jerez\",\"url\":\"https:\\\/\\\/hammamandalusi.com\\\/\",\"logo\":{\"@type\":\"ImageObject\",\"inLanguage\":\"en-US\",\"@id\":\"https:\\\/\\\/hammamandalusi.com\\\/#\\\/schema\\\/logo\\\/image\\\/\",\"url\":\"https:\\\/\\\/hammamandalusi.com\\\/wp-content\\\/uploads\\\/2020\\\/01\\\/perfil_01.jpg\",\"contentUrl\":\"https:\\\/\\\/hammamandalusi.com\\\/wp-content\\\/uploads\\\/2020\\\/01\\\/perfil_01.jpg\",\"width\":591,\"height\":591,\"caption\":\"Hammam Andalusi Ba\u00f1os \u00c1rabes Jerez\"},\"image\":{\"@id\":\"https:\\\/\\\/hammamandalusi.com\\\/#\\\/schema\\\/logo\\\/image\\\/\"},\"sameAs\":[\"https:\\\/\\\/www.facebook.com\\\/hammamandalusi.jerez\\\/\",\"https:\\\/\\\/x.com\\\/hammamandalusi\",\"https:\\\/\\\/www.instagram.com\\\/hammamandalusi\\\/\",\"https:\\\/\\\/www.youtube.com\\\/channel\\\/UC1TLzCOjwIhJKsAflTeJ6FQ\"]}]}<\/script>\n<!-- \/ Yoast SEO plugin. -->","yoast_head_json":{"title":"ANDALUSI LEGACY PREMIUM - Ba\u00f1os Arabes Jerez | Hammam Andalusi Jerez | M\u00e1s que un spa en Jerez|C\u00e1diz","robots":{"index":"index","follow":"follow","max-snippet":"max-snippet:-1","max-image-preview":"max-image-preview:large","max-video-preview":"max-video-preview:-1"},"canonical":"https:\/\/hammamandalusi.com\/en\/producto\/andalusi-legacy-copia-2\/","og_locale":"en_US","og_type":"article","og_title":"ANDALUSI LEGACY PREMIUM - Ba\u00f1os Arabes Jerez | Hammam Andalusi Jerez | M\u00e1s que un spa en Jerez|C\u00e1diz","og_description":"Bath + full body exfoliation +facial and body mask + tea + 30\u2019 massage  To offer you a personalised experience, this gift card is purchased individually. If you wish to purchase more than one, simply complete the checkout and you can place another order immediately.","og_url":"https:\/\/hammamandalusi.com\/en\/producto\/andalusi-legacy-copia-2\/","og_site_name":"Ba\u00f1os Arabes Jerez | Hammam Andalusi Jerez | M\u00e1s que un spa en Jerez|C\u00e1diz","article_publisher":"https:\/\/www.facebook.com\/hammamandalusi.jerez\/","article_modified_time":"2025-12-18T13:27:05+00:00","og_image":[{"width":696,"height":836,"url":"https:\/\/hammamandalusi.com\/wp-content\/uploads\/2020\/12\/banos-arabes-premium_Mesa-de-trabajo-1_Mesa-de-trabajo-1.png","type":"image\/png"}],"twitter_card":"summary_large_image","twitter_site":"@hammamandalusi","twitter_misc":{"Est. reading time":"1 minute"},"schema":{"@context":"https:\/\/schema.org","@graph":[{"@type":"WebPage","@id":"https:\/\/hammamandalusi.com\/en\/producto\/andalusi-legacy-copia-2\/","url":"https:\/\/hammamandalusi.com\/en\/producto\/andalusi-legacy-copia-2\/","name":"ANDALUSI LEGACY PREMIUM - Ba\u00f1os Arabes Jerez | Hammam Andalusi Jerez | M\u00e1s que un spa en Jerez|C\u00e1diz","isPartOf":{"@id":"https:\/\/hammamandalusi.com\/#website"},"primaryImageOfPage":{"@id":"https:\/\/hammamandalusi.com\/en\/producto\/andalusi-legacy-copia-2\/#primaryimage"},"image":{"@id":"https:\/\/hammamandalusi.com\/en\/producto\/andalusi-legacy-copia-2\/#primaryimage"},"thumbnailUrl":"https:\/\/hammamandalusi.com\/wp-content\/uploads\/2020\/12\/banos-arabes-premium_Mesa-de-trabajo-1_Mesa-de-trabajo-1.png","datePublished":"2020-12-21T20:29:43+00:00","dateModified":"2025-12-18T13:27:05+00:00","breadcrumb":{"@id":"https:\/\/hammamandalusi.com\/en\/producto\/andalusi-legacy-copia-2\/#breadcrumb"},"inLanguage":"en-US","potentialAction":[{"@type":"ReadAction","target":["https:\/\/hammamandalusi.com\/en\/producto\/andalusi-legacy-copia-2\/"]}]},{"@type":"ImageObject","inLanguage":"en-US","@id":"https:\/\/hammamandalusi.com\/en\/producto\/andalusi-legacy-copia-2\/#primaryimage","url":"https:\/\/hammamandalusi.com\/wp-content\/uploads\/2020\/12\/banos-arabes-premium_Mesa-de-trabajo-1_Mesa-de-trabajo-1.png","contentUrl":"https:\/\/hammamandalusi.com\/wp-content\/uploads\/2020\/12\/banos-arabes-premium_Mesa-de-trabajo-1_Mesa-de-trabajo-1.png","width":696,"height":836},{"@type":"BreadcrumbList","@id":"https:\/\/hammamandalusi.com\/en\/producto\/andalusi-legacy-copia-2\/#breadcrumb","itemListElement":[{"@type":"ListItem","position":1,"name":"Portada","item":"https:\/\/hammamandalusi.com\/en\/"},{"@type":"ListItem","position":2,"name":"Experiences","item":"https:\/\/hammamandalusi.com\/en\/experiences\/"},{"@type":"ListItem","position":3,"name":"ANDALUSI LEGACY PREMIUM"}]},{"@type":"WebSite","@id":"https:\/\/hammamandalusi.com\/#website","url":"https:\/\/hammamandalusi.com\/","name":"Ba\u00f1os Arabes Jerez | Hammam Andalusi Jerez","description":"Ba\u00f1os \u00e1rabes en Jerez para desconectar de la rutina y sumergirte en el legado andalus\u00ed. M\u00e1s que un simple spa en Jerez, ofrecemos circuito de contrastes, tratamientos especiales, masajes relajantes. Eventos en nuestro mirador.","publisher":{"@id":"https:\/\/hammamandalusi.com\/#organization"},"potentialAction":[{"@type":"SearchAction","target":{"@type":"EntryPoint","urlTemplate":"https:\/\/hammamandalusi.com\/?s={search_term_string}"},"query-input":{"@type":"PropertyValueSpecification","valueRequired":true,"valueName":"search_term_string"}}],"inLanguage":"en-US"},{"@type":"Organization","@id":"https:\/\/hammamandalusi.com\/#organization","name":"Hammam Andalusi Ba\u00f1os \u00c1rabes Jerez","url":"https:\/\/hammamandalusi.com\/","logo":{"@type":"ImageObject","inLanguage":"en-US","@id":"https:\/\/hammamandalusi.com\/#\/schema\/logo\/image\/","url":"https:\/\/hammamandalusi.com\/wp-content\/uploads\/2020\/01\/perfil_01.jpg","contentUrl":"https:\/\/hammamandalusi.com\/wp-content\/uploads\/2020\/01\/perfil_01.jpg","width":591,"height":591,"caption":"Hammam Andalusi Ba\u00f1os \u00c1rabes Jerez"},"image":{"@id":"https:\/\/hammamandalusi.com\/#\/schema\/logo\/image\/"},"sameAs":["https:\/\/www.facebook.com\/hammamandalusi.jerez\/","https:\/\/x.com\/hammamandalusi","https:\/\/www.instagram.com\/hammamandalusi\/","https:\/\/www.youtube.com\/channel\/UC1TLzCOjwIhJKsAflTeJ6FQ"]}]}},"jetpack_sharing_enabled":true,"_links":{"self":[{"href":"https:\/\/hammamandalusi.com\/en\/wp-json\/wp\/v2\/product\/2224","targetHints":{"allow":["GET"]}}],"collection":[{"href":"https:\/\/hammamandalusi.com\/en\/wp-json\/wp\/v2\/product"}],"about":[{"href":"https:\/\/hammamandalusi.com\/en\/wp-json\/wp\/v2\/types\/product"}],"replies":[{"embeddable":true,"href":"https:\/\/hammamandalusi.com\/en\/wp-json\/wp\/v2\/comments?post=2224"}],"wp:featuredmedia":[{"embeddable":true,"href":"https:\/\/hammamandalusi.com\/en\/wp-json\/wp\/v2\/media\/9955"}],"wp:attachment":[{"href":"https:\/\/hammamandalusi.com\/en\/wp-json\/wp\/v2\/media?parent=2224"}],"wp:term":[{"taxonomy":"product_brand","embeddable":true,"href":"https:\/\/hammamandalusi.com\/en\/wp-json\/wp\/v2\/product_brand?post=2224"},{"taxonomy":"product_cat","embeddable":true,"href":"https:\/\/hammamandalusi.com\/en\/wp-json\/wp\/v2\/product_cat?post=2224"},{"taxonomy":"product_tag","embeddable":true,"href":"https:\/\/hammamandalusi.com\/en\/wp-json\/wp\/v2\/product_tag?post=2224"}],"curies":[{"name":"wp","href":"https:\/\/api.w.org\/{rel}","templated":true}]}}