{"id":17946,"date":"2020-12-21T20:56:42","date_gmt":"2020-12-21T19:56:42","guid":{"rendered":"https:\/\/hammamandalusi.com\/producto\/17946\/"},"modified":"2025-12-18T14:27:24","modified_gmt":"2025-12-18T13:27:24","slug":"herbal-pinda-massage","status":"publish","type":"product","link":"https:\/\/hammamandalusi.com\/en\/producto\/herbal-pinda-massage\/","title":{"rendered":"HERBAL PINDA MASSAGE 45\u2019"},"content":{"rendered":"<h1>HERBAL PINDA MASSAGE 45\u2019<\/h1>\n<p><strong>75\u2019 Arab baths + 45\u2019 herbal pinda massage + mint tea<\/strong><\/p>\n<p data-start=\"174\" data-end=\"456\">The Herbal Pinda Experience lasts a total of <strong data-start=\"219\" data-end=\"230\">2 hours<\/strong>. It begins with immersion in the Arab baths circuit, where the contrast of temperatures, the warmth of the environment, and the serenity of the space will help you relax deeply and disconnect from everything beyond our doors.<\/p>\n<p data-start=\"458\" data-end=\"902\">Enjoy a delicious <strong data-start=\"476\" data-end=\"488\">mint tea<\/strong>, traditional in Arab countries, in our relaxation lounge. Then continue with a <strong data-start=\"568\" data-end=\"602\">45-minute herbal pinda massage<\/strong>. Close your eyes and allow yourself to be enveloped by the magic of this ancient technique, designed to restore the mind\u2013body balance you long for. A true reset you can return to as many times as you wish, as at the end of the massage you may take the pindas home and reuse them on future occasions.<\/p>\n<p data-start=\"904\" data-end=\"1200\">If you are thinking of giving a heartfelt gift\u2014one that truly conveys how much that special person means to you\u2014this is it. This year more than ever, give the gift of <strong data-start=\"1071\" data-end=\"1102\">health, wellbeing, and calm<\/strong>. Pamper the ones you love most in a privileged and safe environment that is committed to quality.<\/p>\n<h3 data-start=\"1207\" data-end=\"1247\">Benefits of the Herbal Pinda Massage<\/h3>\n<ul data-start=\"1248\" data-end=\"1704\">\n<li data-start=\"1248\" data-end=\"1324\">\n<p data-start=\"1250\" data-end=\"1324\">Promotes muscle relaxation, relieving tension and increasing flexibility<\/p>\n<\/li>\n<li data-start=\"1325\" data-end=\"1399\">\n<p data-start=\"1327\" data-end=\"1399\">Improves skin hydration thanks to the essential oils used in the blend<\/p>\n<\/li>\n<li data-start=\"1400\" data-end=\"1455\">\n<p data-start=\"1402\" data-end=\"1455\">Stimulates blood circulation and lymphatic drainage<\/p>\n<\/li>\n<li data-start=\"1456\" data-end=\"1542\">\n<p data-start=\"1458\" data-end=\"1542\">Acts as an anti-inflammatory treatment for painful joints and rheumatic conditions<\/p>\n<\/li>\n<li data-start=\"1543\" data-end=\"1580\">\n<p data-start=\"1545\" data-end=\"1580\">Reduces stress and anxiety levels<\/p>\n<\/li>\n<li data-start=\"1581\" data-end=\"1704\">\n<p data-start=\"1583\" data-end=\"1704\">Helps slow the natural ageing process thanks to the wellbeing it provides, along with skin hydration and detoxification<\/p>\n<\/li>\n<\/ul>\n<h3 data-start=\"1711\" data-end=\"1738\">What are Herbal Pindas?<\/h3>\n<p data-start=\"1739\" data-end=\"1879\">Pindas are small cotton or linen pouches, handmade and filled with a blend of seeds, medicinal plants or aromatic herbs, and essential oils.<\/p>\n<h3 data-start=\"1886\" data-end=\"1919\">What is a Pinda Massage Like?<\/h3>\n<p data-start=\"1920\" data-end=\"2279\">The herbal pindas are heated before the massage begins. The body is first massaged with almond oil, after which the pindas are applied. The pressure and warmth on blocked areas of the body, combined with aromatherapy, work in harmony to restore the body\u2019s natural balance. The heat opens the pores, allowing the essential oils to be absorbed through the skin.<\/p>\n<p data-start=\"2281\" data-end=\"2427\">The type of aromatic herbs and essential oils used in the pindas determines the focus of the massage: <strong data-start=\"2383\" data-end=\"2426\">relaxing, circulatory, or decontracting<\/strong>.<\/p>\n<h3 data-start=\"2434\" data-end=\"2465\">Origin of the Pinda Massage<\/h3>\n<p data-start=\"2466\" data-end=\"2756\">The pinda massage originates from <strong data-start=\"2500\" data-end=\"2522\">Ayurvedic medicine<\/strong>, which has its roots in India. This traditional medicine views health as holistic and comprehensive, promoting habits that integrate physical as well as mental aspects, helping people live more consciously and with greater wellbeing.<\/p>\n","protected":false},"excerpt":{"rendered":"<p>To offer you a <strong data-start=\"15\" data-end=\"42\">personalised experience<\/strong>, this gift card is purchased <strong data-start=\"72\" data-end=\"89\">one at a time<\/strong>.<br data-start=\"90\" data-end=\"93\" \/>If you would like to buy more than one, simply complete your purchase and you can place another order immediately.<\/p>\n","protected":false},"featured_media":2489,"comment_status":"open","ping_status":"closed","template":"","meta":[],"product_brand":[],"product_cat":[63],"product_tag":[],"class_list":{"0":"post-17946","1":"product","2":"type-product","3":"status-publish","4":"has-post-thumbnail","6":"product_cat-special-treatments","8":"first","9":"instock","10":"sold-individually","11":"taxable","12":"shipping-taxable","13":"purchasable","14":"product-type-variable"},"yoast_head":"<!-- This site is optimized with the Yoast SEO plugin v27.4 - https:\/\/yoast.com\/product\/yoast-seo-wordpress\/ -->\n<title>HERBAL PINDA MASSAGE 45\u2019 - Ba\u00f1os Arabes Jerez | Hammam Andalusi Jerez | M\u00e1s que un spa en Jerez|C\u00e1diz<\/title>\n<meta name=\"description\" content=\"The perfect gift: Arab baths + 45-minute herbal pinda massage + mint tea. Wellbeing and luxury. Now with 2 years\u2019 validity.\" \/>\n<meta name=\"robots\" content=\"index, follow, max-snippet:-1, max-image-preview:large, max-video-preview:-1\" \/>\n<link rel=\"canonical\" href=\"https:\/\/hammamandalusi.com\/en\/producto\/herbal-pinda-massage\/\" \/>\n<meta property=\"og:locale\" content=\"en_US\" \/>\n<meta property=\"og:type\" content=\"article\" \/>\n<meta property=\"og:title\" content=\"HERBAL PINDA MASSAGE 45\u2019 - Ba\u00f1os Arabes Jerez | Hammam Andalusi Jerez | M\u00e1s que un spa en Jerez|C\u00e1diz\" \/>\n<meta property=\"og:description\" content=\"The perfect gift: Arab baths + 45-minute herbal pinda massage + mint tea. Wellbeing and luxury. Now with 2 years\u2019 validity.\" \/>\n<meta property=\"og:url\" content=\"https:\/\/hammamandalusi.com\/en\/producto\/herbal-pinda-massage\/\" \/>\n<meta property=\"og:site_name\" content=\"Ba\u00f1os Arabes Jerez | Hammam Andalusi Jerez | M\u00e1s que un spa en Jerez|C\u00e1diz\" \/>\n<meta property=\"article:publisher\" content=\"https:\/\/www.facebook.com\/hammamandalusi.jerez\/\" \/>\n<meta property=\"article:modified_time\" content=\"2025-12-18T13:27:24+00:00\" \/>\n<meta property=\"og:image\" content=\"https:\/\/hammamandalusi.com\/wp-content\/uploads\/2020\/12\/DSC6555maspque\u00f1a-1024x682.jpg\" \/>\n\t<meta property=\"og:image:width\" content=\"1024\" \/>\n\t<meta property=\"og:image:height\" content=\"682\" \/>\n\t<meta property=\"og:image:type\" content=\"image\/jpeg\" \/>\n<meta name=\"twitter:card\" content=\"summary_large_image\" \/>\n<meta name=\"twitter:site\" content=\"@hammamandalusi\" \/>\n<meta name=\"twitter:label1\" content=\"Est. reading time\" \/>\n\t<meta name=\"twitter:data1\" content=\"3 minutes\" \/>\n<script type=\"application\/ld+json\" class=\"yoast-schema-graph\">{\"@context\":\"https:\\\/\\\/schema.org\",\"@graph\":[{\"@type\":\"WebPage\",\"@id\":\"https:\\\/\\\/hammamandalusi.com\\\/en\\\/producto\\\/herbal-pinda-massage\\\/\",\"url\":\"https:\\\/\\\/hammamandalusi.com\\\/en\\\/producto\\\/herbal-pinda-massage\\\/\",\"name\":\"HERBAL PINDA MASSAGE 45\u2019 - Ba\u00f1os Arabes Jerez | Hammam Andalusi Jerez | M\u00e1s que un spa en Jerez|C\u00e1diz\",\"isPartOf\":{\"@id\":\"https:\\\/\\\/hammamandalusi.com\\\/#website\"},\"primaryImageOfPage\":{\"@id\":\"https:\\\/\\\/hammamandalusi.com\\\/en\\\/producto\\\/herbal-pinda-massage\\\/#primaryimage\"},\"image\":{\"@id\":\"https:\\\/\\\/hammamandalusi.com\\\/en\\\/producto\\\/herbal-pinda-massage\\\/#primaryimage\"},\"thumbnailUrl\":\"https:\\\/\\\/hammamandalusi.com\\\/wp-content\\\/uploads\\\/2020\\\/12\\\/DSC6555maspque\u00f1a.jpg\",\"datePublished\":\"2020-12-21T19:56:42+00:00\",\"dateModified\":\"2025-12-18T13:27:24+00:00\",\"description\":\"The perfect gift: Arab baths + 45-minute herbal pinda massage + mint tea. Wellbeing and luxury. Now with 2 years\u2019 validity.\",\"breadcrumb\":{\"@id\":\"https:\\\/\\\/hammamandalusi.com\\\/en\\\/producto\\\/herbal-pinda-massage\\\/#breadcrumb\"},\"inLanguage\":\"en-US\",\"potentialAction\":[{\"@type\":\"ReadAction\",\"target\":[\"https:\\\/\\\/hammamandalusi.com\\\/en\\\/producto\\\/herbal-pinda-massage\\\/\"]}]},{\"@type\":\"ImageObject\",\"inLanguage\":\"en-US\",\"@id\":\"https:\\\/\\\/hammamandalusi.com\\\/en\\\/producto\\\/herbal-pinda-massage\\\/#primaryimage\",\"url\":\"https:\\\/\\\/hammamandalusi.com\\\/wp-content\\\/uploads\\\/2020\\\/12\\\/DSC6555maspque\u00f1a.jpg\",\"contentUrl\":\"https:\\\/\\\/hammamandalusi.com\\\/wp-content\\\/uploads\\\/2020\\\/12\\\/DSC6555maspque\u00f1a.jpg\",\"width\":2500,\"height\":1664,\"caption\":\"masaje-pindas-jerez\"},{\"@type\":\"BreadcrumbList\",\"@id\":\"https:\\\/\\\/hammamandalusi.com\\\/en\\\/producto\\\/herbal-pinda-massage\\\/#breadcrumb\",\"itemListElement\":[{\"@type\":\"ListItem\",\"position\":1,\"name\":\"Portada\",\"item\":\"https:\\\/\\\/hammamandalusi.com\\\/en\\\/\"},{\"@type\":\"ListItem\",\"position\":2,\"name\":\"Experiences\",\"item\":\"https:\\\/\\\/hammamandalusi.com\\\/en\\\/experiences\\\/\"},{\"@type\":\"ListItem\",\"position\":3,\"name\":\"HERBAL PINDA MASSAGE 45\u2019\"}]},{\"@type\":\"WebSite\",\"@id\":\"https:\\\/\\\/hammamandalusi.com\\\/#website\",\"url\":\"https:\\\/\\\/hammamandalusi.com\\\/\",\"name\":\"Ba\u00f1os Arabes Jerez | Hammam Andalusi Jerez\",\"description\":\"Ba\u00f1os \u00e1rabes en Jerez para desconectar de la rutina y sumergirte en el legado andalus\u00ed. M\u00e1s que un simple spa en Jerez, ofrecemos circuito de contrastes, tratamientos especiales, masajes relajantes. Eventos en nuestro mirador.\",\"publisher\":{\"@id\":\"https:\\\/\\\/hammamandalusi.com\\\/#organization\"},\"potentialAction\":[{\"@type\":\"SearchAction\",\"target\":{\"@type\":\"EntryPoint\",\"urlTemplate\":\"https:\\\/\\\/hammamandalusi.com\\\/?s={search_term_string}\"},\"query-input\":{\"@type\":\"PropertyValueSpecification\",\"valueRequired\":true,\"valueName\":\"search_term_string\"}}],\"inLanguage\":\"en-US\"},{\"@type\":\"Organization\",\"@id\":\"https:\\\/\\\/hammamandalusi.com\\\/#organization\",\"name\":\"Hammam Andalusi Ba\u00f1os \u00c1rabes Jerez\",\"url\":\"https:\\\/\\\/hammamandalusi.com\\\/\",\"logo\":{\"@type\":\"ImageObject\",\"inLanguage\":\"en-US\",\"@id\":\"https:\\\/\\\/hammamandalusi.com\\\/#\\\/schema\\\/logo\\\/image\\\/\",\"url\":\"https:\\\/\\\/hammamandalusi.com\\\/wp-content\\\/uploads\\\/2020\\\/01\\\/perfil_01.jpg\",\"contentUrl\":\"https:\\\/\\\/hammamandalusi.com\\\/wp-content\\\/uploads\\\/2020\\\/01\\\/perfil_01.jpg\",\"width\":591,\"height\":591,\"caption\":\"Hammam Andalusi Ba\u00f1os \u00c1rabes Jerez\"},\"image\":{\"@id\":\"https:\\\/\\\/hammamandalusi.com\\\/#\\\/schema\\\/logo\\\/image\\\/\"},\"sameAs\":[\"https:\\\/\\\/www.facebook.com\\\/hammamandalusi.jerez\\\/\",\"https:\\\/\\\/x.com\\\/hammamandalusi\",\"https:\\\/\\\/www.instagram.com\\\/hammamandalusi\\\/\",\"https:\\\/\\\/www.youtube.com\\\/channel\\\/UC1TLzCOjwIhJKsAflTeJ6FQ\"]}]}<\/script>\n<!-- \/ Yoast SEO plugin. -->","yoast_head_json":{"title":"HERBAL PINDA MASSAGE 45\u2019 - Ba\u00f1os Arabes Jerez | Hammam Andalusi Jerez | M\u00e1s que un spa en Jerez|C\u00e1diz","description":"The perfect gift: Arab baths + 45-minute herbal pinda massage + mint tea. Wellbeing and luxury. Now with 2 years\u2019 validity.","robots":{"index":"index","follow":"follow","max-snippet":"max-snippet:-1","max-image-preview":"max-image-preview:large","max-video-preview":"max-video-preview:-1"},"canonical":"https:\/\/hammamandalusi.com\/en\/producto\/herbal-pinda-massage\/","og_locale":"en_US","og_type":"article","og_title":"HERBAL PINDA MASSAGE 45\u2019 - Ba\u00f1os Arabes Jerez | Hammam Andalusi Jerez | M\u00e1s que un spa en Jerez|C\u00e1diz","og_description":"The perfect gift: Arab baths + 45-minute herbal pinda massage + mint tea. Wellbeing and luxury. Now with 2 years\u2019 validity.","og_url":"https:\/\/hammamandalusi.com\/en\/producto\/herbal-pinda-massage\/","og_site_name":"Ba\u00f1os Arabes Jerez | Hammam Andalusi Jerez | M\u00e1s que un spa en Jerez|C\u00e1diz","article_publisher":"https:\/\/www.facebook.com\/hammamandalusi.jerez\/","article_modified_time":"2025-12-18T13:27:24+00:00","og_image":[{"width":1024,"height":682,"url":"https:\/\/hammamandalusi.com\/wp-content\/uploads\/2020\/12\/DSC6555maspque\u00f1a-1024x682.jpg","type":"image\/jpeg"}],"twitter_card":"summary_large_image","twitter_site":"@hammamandalusi","twitter_misc":{"Est. reading time":"3 minutes"},"schema":{"@context":"https:\/\/schema.org","@graph":[{"@type":"WebPage","@id":"https:\/\/hammamandalusi.com\/en\/producto\/herbal-pinda-massage\/","url":"https:\/\/hammamandalusi.com\/en\/producto\/herbal-pinda-massage\/","name":"HERBAL PINDA MASSAGE 45\u2019 - Ba\u00f1os Arabes Jerez | Hammam Andalusi Jerez | M\u00e1s que un spa en Jerez|C\u00e1diz","isPartOf":{"@id":"https:\/\/hammamandalusi.com\/#website"},"primaryImageOfPage":{"@id":"https:\/\/hammamandalusi.com\/en\/producto\/herbal-pinda-massage\/#primaryimage"},"image":{"@id":"https:\/\/hammamandalusi.com\/en\/producto\/herbal-pinda-massage\/#primaryimage"},"thumbnailUrl":"https:\/\/hammamandalusi.com\/wp-content\/uploads\/2020\/12\/DSC6555maspque\u00f1a.jpg","datePublished":"2020-12-21T19:56:42+00:00","dateModified":"2025-12-18T13:27:24+00:00","description":"The perfect gift: Arab baths + 45-minute herbal pinda massage + mint tea. Wellbeing and luxury. Now with 2 years\u2019 validity.","breadcrumb":{"@id":"https:\/\/hammamandalusi.com\/en\/producto\/herbal-pinda-massage\/#breadcrumb"},"inLanguage":"en-US","potentialAction":[{"@type":"ReadAction","target":["https:\/\/hammamandalusi.com\/en\/producto\/herbal-pinda-massage\/"]}]},{"@type":"ImageObject","inLanguage":"en-US","@id":"https:\/\/hammamandalusi.com\/en\/producto\/herbal-pinda-massage\/#primaryimage","url":"https:\/\/hammamandalusi.com\/wp-content\/uploads\/2020\/12\/DSC6555maspque\u00f1a.jpg","contentUrl":"https:\/\/hammamandalusi.com\/wp-content\/uploads\/2020\/12\/DSC6555maspque\u00f1a.jpg","width":2500,"height":1664,"caption":"masaje-pindas-jerez"},{"@type":"BreadcrumbList","@id":"https:\/\/hammamandalusi.com\/en\/producto\/herbal-pinda-massage\/#breadcrumb","itemListElement":[{"@type":"ListItem","position":1,"name":"Portada","item":"https:\/\/hammamandalusi.com\/en\/"},{"@type":"ListItem","position":2,"name":"Experiences","item":"https:\/\/hammamandalusi.com\/en\/experiences\/"},{"@type":"ListItem","position":3,"name":"HERBAL PINDA MASSAGE 45\u2019"}]},{"@type":"WebSite","@id":"https:\/\/hammamandalusi.com\/#website","url":"https:\/\/hammamandalusi.com\/","name":"Ba\u00f1os Arabes Jerez | Hammam Andalusi Jerez","description":"Ba\u00f1os \u00e1rabes en Jerez para desconectar de la rutina y sumergirte en el legado andalus\u00ed. M\u00e1s que un simple spa en Jerez, ofrecemos circuito de contrastes, tratamientos especiales, masajes relajantes. Eventos en nuestro mirador.","publisher":{"@id":"https:\/\/hammamandalusi.com\/#organization"},"potentialAction":[{"@type":"SearchAction","target":{"@type":"EntryPoint","urlTemplate":"https:\/\/hammamandalusi.com\/?s={search_term_string}"},"query-input":{"@type":"PropertyValueSpecification","valueRequired":true,"valueName":"search_term_string"}}],"inLanguage":"en-US"},{"@type":"Organization","@id":"https:\/\/hammamandalusi.com\/#organization","name":"Hammam Andalusi Ba\u00f1os \u00c1rabes Jerez","url":"https:\/\/hammamandalusi.com\/","logo":{"@type":"ImageObject","inLanguage":"en-US","@id":"https:\/\/hammamandalusi.com\/#\/schema\/logo\/image\/","url":"https:\/\/hammamandalusi.com\/wp-content\/uploads\/2020\/01\/perfil_01.jpg","contentUrl":"https:\/\/hammamandalusi.com\/wp-content\/uploads\/2020\/01\/perfil_01.jpg","width":591,"height":591,"caption":"Hammam Andalusi Ba\u00f1os \u00c1rabes Jerez"},"image":{"@id":"https:\/\/hammamandalusi.com\/#\/schema\/logo\/image\/"},"sameAs":["https:\/\/www.facebook.com\/hammamandalusi.jerez\/","https:\/\/x.com\/hammamandalusi","https:\/\/www.instagram.com\/hammamandalusi\/","https:\/\/www.youtube.com\/channel\/UC1TLzCOjwIhJKsAflTeJ6FQ"]}]}},"jetpack_sharing_enabled":true,"_links":{"self":[{"href":"https:\/\/hammamandalusi.com\/en\/wp-json\/wp\/v2\/product\/17946","targetHints":{"allow":["GET"]}}],"collection":[{"href":"https:\/\/hammamandalusi.com\/en\/wp-json\/wp\/v2\/product"}],"about":[{"href":"https:\/\/hammamandalusi.com\/en\/wp-json\/wp\/v2\/types\/product"}],"replies":[{"embeddable":true,"href":"https:\/\/hammamandalusi.com\/en\/wp-json\/wp\/v2\/comments?post=17946"}],"wp:featuredmedia":[{"embeddable":true,"href":"https:\/\/hammamandalusi.com\/en\/wp-json\/wp\/v2\/media\/2489"}],"wp:attachment":[{"href":"https:\/\/hammamandalusi.com\/en\/wp-json\/wp\/v2\/media?parent=17946"}],"wp:term":[{"taxonomy":"product_brand","embeddable":true,"href":"https:\/\/hammamandalusi.com\/en\/wp-json\/wp\/v2\/product_brand?post=17946"},{"taxonomy":"product_cat","embeddable":true,"href":"https:\/\/hammamandalusi.com\/en\/wp-json\/wp\/v2\/product_cat?post=17946"},{"taxonomy":"product_tag","embeddable":true,"href":"https:\/\/hammamandalusi.com\/en\/wp-json\/wp\/v2\/product_tag?post=17946"}],"curies":[{"name":"wp","href":"https:\/\/api.w.org\/{rel}","templated":true}]}}