{"id":454,"date":"2019-12-10T07:32:15","date_gmt":"2019-12-10T07:32:15","guid":{"rendered":"https:\/\/www.hammamandalusi.com\/regala\/"},"modified":"2025-12-18T14:33:25","modified_gmt":"2025-12-18T13:33:25","slug":"gift","status":"publish","type":"page","link":"https:\/\/hammamandalusi.com\/en\/gift\/","title":{"rendered":"GIFT"},"content":{"rendered":"\n  <div id=\"page-header-2030106318\" class=\"page-header-wrapper\">\n  <div class=\"page-title dark featured-title\">\n\n        <div class=\"page-title-bg\">\n      <div class=\"title-bg fill bg-fill\"\n        data-parallax-container=\".page-title\"\n        data-parallax-background\n        data-parallax=\"-\">\n      <\/div>\n      <div class=\"title-overlay fill\"><\/div>\n    <\/div>\n    \n    <div class=\"page-title-inner container align-center text-center flex-row-col medium-flex-wrap\" >\n              <div class=\"title-wrapper flex-col\">\n          <h1 class=\"entry-title mb-0\">\n            Give an experience          <\/h1>\n        <\/div>\n                <div class=\"page-title-sub op-7 flex-col\">\n          <p class=\"lead\">The gift card is the perfect option for any type of celebration.<\/p>\n        <\/div>\n                    <div class=\"title-content flex-col\">\n        <ul class=\"nav sm-touch-scroll nav-line nav-uppercase text-center nav-center\"><li class=\"nav-single-page hidden\"><\/li><\/ul>      <\/div>\n    <\/div>\n\n     \n<style>\n#page-header-2030106318 .page-title-inner {\n  min-height: 300px;\n}\n#page-header-2030106318 .title-bg {\n  background-image: url(https:\/\/hammamandalusi.com\/wp-content\/uploads\/2019\/11\/AndalusiMasaje30.jpg);\n  background-position: 81% 77%;\n}\n<\/style>\n  <\/div>\n    <\/div>\n  \n\n\n\t<section class=\"section\" id=\"section_550941176\">\n\t\t<div class=\"section-bg fill\" >\n\t\t\t\t\t\t\t\t\t\n\t\t\t\n\n\t\t<\/div>\n\n\t\t\n\n\t\t<div class=\"section-content relative\">\n\t\t\t\n\n<div class=\"row\"  id=\"row-1705835093\">\n\n\n\t<div id=\"col-596958549\" class=\"col small-12 large-12\"  >\n\t\t\t\t<div class=\"col-inner\" style=\"background-color:rgb(255,255,255);\" >\n\t\t\t\n\t\t\t\n\n<div class=\"text-center\"><div class=\"is-divider divider clearfix\" style=\"margin-top:10px;margin-bottom:10px;background-color:rgba(0, 0, 0, 0.16);\"><\/div><\/div>\n\n<div class=\"row align-center\"  id=\"row-1319272260\">\n\n\n\t<div id=\"col-1566834403\" class=\"col medium-9 small-10 large-7\"  >\n\t\t\t\t<div class=\"col-inner text-center\"  >\n\t\t\t\n\t\t\t\n\n<h2>A beautiful little present full of love<\/h2>\n<p>Without a doubt, this gift is a sure hit.\u00a0<\/p>\n<p>To do so, choose the service you like most from all those we offer and make your purchase online or at our facilities. If you buy online, you will receive a gift card by email, which you must keep in order to enjoy the service. Please pay attention and don\u2019t forget to add the name of the person or people the gift is for and, if you wish, a short dedication to personalize it even more.\u00a0<\/p>\n<p>The gift is valid for two years from the date of issue shown on the voucher (except for promotions that indicate a different validity date). The person receiving the gift only needs to call a few days in advance to make a reservation, providing the reference number.\u00a0<\/p>\n<p><strong>Choose here the gift you would like to give.<\/strong><\/p>\n<a href=\"https:\/\/hammamandalusi.com\/en\/experiences\/\" class=\"button secondary\" style=\"border-radius:4px;\">\n\t\t<span>Choose the experience here<\/span>\n\t<\/a>\n\n\n\n\t\t<\/div>\n\t\t\t\t\n<style>\n#col-1566834403 > .col-inner {\n  margin: 20px 0px 20px 0px;\n}\n<\/style>\n\t<\/div>\n\n\t\n\n<\/div>\n<div class=\"row align-center\"  id=\"row-55211839\">\n\n\n\t<div id=\"col-1646188397\" class=\"col medium-11 small-12 large-10\"  >\n\t\t\t\t<div class=\"col-inner\"  >\n\t\t\t\n\t\t\t\n\n\n  <div class=\"banner has-hover\" id=\"banner-2061125031\">\n          <div class=\"banner-inner fill\">\n        <div class=\"banner-bg fill\" >\n            <img loading=\"lazy\" decoding=\"async\" width=\"1020\" height=\"644\" src=\"https:\/\/hammamandalusi.com\/wp-content\/uploads\/2019\/11\/regala-1024x647.jpg\" class=\"bg attachment-large size-large\" alt=\"valentines-day-present-cadiz\" \/>                                    \n                    <\/div>\n\t\t\n        <div class=\"banner-layers container\">\n            <div class=\"fill banner-link\"><\/div>            \n\n\n        <\/div>\n      <\/div>\n\n            \n<style>\n#banner-2061125031 {\n  padding-top: 300px;\n}\n@media (min-width:850px) {\n  #banner-2061125031 {\n    padding-top: 500px;\n  }\n}\n<\/style>\n  <\/div>\n\n\n\n\t\t<\/div>\n\t\t\t\t\n<style>\n#col-1646188397 > .col-inner {\n  margin: 0px 0px 0 0px;\n}\n<\/style>\n\t<\/div>\n\n\t\n\n<\/div>\n\n\t\t<\/div>\n\t\t\t\t\n<style>\n#col-596958549 > .col-inner {\n  padding: 50px 0px 0px 0px;\n  margin: -70px 0px 0px 0px;\n}\n<\/style>\n\t<\/div>\n\n\t\n\n<\/div>\n\n\t\t<\/div>\n\n\t\t\n<style>\n#section_550941176 {\n  padding-top: 30px;\n  padding-bottom: 30px;\n}\n<\/style>\n\t<\/section>\n\t\n\n","protected":false},"excerpt":{"rendered":"","protected":false},"author":3,"featured_media":361,"parent":0,"menu_order":0,"comment_status":"closed","ping_status":"closed","template":"page-blank.php","meta":{"footnotes":""},"class_list":["post-454","page","type-page","status-publish","has-post-thumbnail","hentry"],"yoast_head":"<!-- This site is optimized with the Yoast SEO plugin v27.4 - https:\/\/yoast.com\/product\/yoast-seo-wordpress\/ -->\n<title>GIFT - Ba\u00f1os Arabes Jerez | Hammam Andalusi Jerez | M\u00e1s que un spa en Jerez|C\u00e1diz<\/title>\n<meta name=\"robots\" content=\"index, follow, max-snippet:-1, max-image-preview:large, max-video-preview:-1\" \/>\n<link rel=\"canonical\" href=\"https:\/\/hammamandalusi.com\/en\/gift\/\" \/>\n<meta property=\"og:locale\" content=\"en_US\" \/>\n<meta property=\"og:type\" content=\"article\" \/>\n<meta property=\"og:title\" content=\"GIFT - Ba\u00f1os Arabes Jerez | Hammam Andalusi Jerez | M\u00e1s que un spa en Jerez|C\u00e1diz\" \/>\n<meta property=\"og:url\" content=\"https:\/\/hammamandalusi.com\/en\/gift\/\" \/>\n<meta property=\"og:site_name\" content=\"Ba\u00f1os Arabes Jerez | Hammam Andalusi Jerez | M\u00e1s que un spa en Jerez|C\u00e1diz\" \/>\n<meta property=\"article:publisher\" content=\"https:\/\/www.facebook.com\/hammamandalusi.jerez\/\" \/>\n<meta property=\"article:modified_time\" content=\"2025-12-18T13:33:25+00:00\" \/>\n<meta property=\"og:image\" content=\"https:\/\/hammamandalusi.com\/wp-content\/uploads\/2019\/11\/Hamman-Andalusi-scaled.jpg\" \/>\n\t<meta property=\"og:image:width\" content=\"2560\" \/>\n\t<meta property=\"og:image:height\" content=\"1274\" \/>\n\t<meta property=\"og:image:type\" content=\"image\/jpeg\" \/>\n<meta name=\"twitter:card\" content=\"summary_large_image\" \/>\n<meta name=\"twitter:site\" content=\"@hammamandalusi\" \/>\n<meta name=\"twitter:label1\" content=\"Est. reading time\" \/>\n\t<meta name=\"twitter:data1\" content=\"1 minute\" \/>\n<script type=\"application\/ld+json\" class=\"yoast-schema-graph\">{\"@context\":\"https:\\\/\\\/schema.org\",\"@graph\":[{\"@type\":\"WebPage\",\"@id\":\"https:\\\/\\\/hammamandalusi.com\\\/en\\\/gift\\\/\",\"url\":\"https:\\\/\\\/hammamandalusi.com\\\/en\\\/gift\\\/\",\"name\":\"GIFT - Ba\u00f1os Arabes Jerez | Hammam Andalusi Jerez | M\u00e1s que un spa en Jerez|C\u00e1diz\",\"isPartOf\":{\"@id\":\"https:\\\/\\\/hammamandalusi.com\\\/#website\"},\"primaryImageOfPage\":{\"@id\":\"https:\\\/\\\/hammamandalusi.com\\\/en\\\/gift\\\/#primaryimage\"},\"image\":{\"@id\":\"https:\\\/\\\/hammamandalusi.com\\\/en\\\/gift\\\/#primaryimage\"},\"thumbnailUrl\":\"https:\\\/\\\/hammamandalusi.com\\\/wp-content\\\/uploads\\\/2019\\\/11\\\/Hamman-Andalusi-scaled.jpg\",\"datePublished\":\"2019-12-10T07:32:15+00:00\",\"dateModified\":\"2025-12-18T13:33:25+00:00\",\"breadcrumb\":{\"@id\":\"https:\\\/\\\/hammamandalusi.com\\\/en\\\/gift\\\/#breadcrumb\"},\"inLanguage\":\"en-US\",\"potentialAction\":[{\"@type\":\"ReadAction\",\"target\":[\"https:\\\/\\\/hammamandalusi.com\\\/en\\\/gift\\\/\"]}]},{\"@type\":\"ImageObject\",\"inLanguage\":\"en-US\",\"@id\":\"https:\\\/\\\/hammamandalusi.com\\\/en\\\/gift\\\/#primaryimage\",\"url\":\"https:\\\/\\\/hammamandalusi.com\\\/wp-content\\\/uploads\\\/2019\\\/11\\\/Hamman-Andalusi-scaled.jpg\",\"contentUrl\":\"https:\\\/\\\/hammamandalusi.com\\\/wp-content\\\/uploads\\\/2019\\\/11\\\/Hamman-Andalusi-scaled.jpg\",\"width\":2560,\"height\":1274,\"caption\":\"Hamman Andalusi\"},{\"@type\":\"BreadcrumbList\",\"@id\":\"https:\\\/\\\/hammamandalusi.com\\\/en\\\/gift\\\/#breadcrumb\",\"itemListElement\":[{\"@type\":\"ListItem\",\"position\":1,\"name\":\"Portada\",\"item\":\"https:\\\/\\\/hammamandalusi.com\\\/en\\\/\"},{\"@type\":\"ListItem\",\"position\":2,\"name\":\"GIFT\"}]},{\"@type\":\"WebSite\",\"@id\":\"https:\\\/\\\/hammamandalusi.com\\\/#website\",\"url\":\"https:\\\/\\\/hammamandalusi.com\\\/\",\"name\":\"Ba\u00f1os Arabes Jerez | Hammam Andalusi Jerez\",\"description\":\"Ba\u00f1os \u00e1rabes en Jerez para desconectar de la rutina y sumergirte en el legado andalus\u00ed. M\u00e1s que un simple spa en Jerez, ofrecemos circuito de contrastes, tratamientos especiales, masajes relajantes. Eventos en nuestro mirador.\",\"publisher\":{\"@id\":\"https:\\\/\\\/hammamandalusi.com\\\/#organization\"},\"potentialAction\":[{\"@type\":\"SearchAction\",\"target\":{\"@type\":\"EntryPoint\",\"urlTemplate\":\"https:\\\/\\\/hammamandalusi.com\\\/?s={search_term_string}\"},\"query-input\":{\"@type\":\"PropertyValueSpecification\",\"valueRequired\":true,\"valueName\":\"search_term_string\"}}],\"inLanguage\":\"en-US\"},{\"@type\":\"Organization\",\"@id\":\"https:\\\/\\\/hammamandalusi.com\\\/#organization\",\"name\":\"Hammam Andalusi Ba\u00f1os \u00c1rabes Jerez\",\"url\":\"https:\\\/\\\/hammamandalusi.com\\\/\",\"logo\":{\"@type\":\"ImageObject\",\"inLanguage\":\"en-US\",\"@id\":\"https:\\\/\\\/hammamandalusi.com\\\/#\\\/schema\\\/logo\\\/image\\\/\",\"url\":\"https:\\\/\\\/hammamandalusi.com\\\/wp-content\\\/uploads\\\/2020\\\/01\\\/perfil_01.jpg\",\"contentUrl\":\"https:\\\/\\\/hammamandalusi.com\\\/wp-content\\\/uploads\\\/2020\\\/01\\\/perfil_01.jpg\",\"width\":591,\"height\":591,\"caption\":\"Hammam Andalusi Ba\u00f1os \u00c1rabes Jerez\"},\"image\":{\"@id\":\"https:\\\/\\\/hammamandalusi.com\\\/#\\\/schema\\\/logo\\\/image\\\/\"},\"sameAs\":[\"https:\\\/\\\/www.facebook.com\\\/hammamandalusi.jerez\\\/\",\"https:\\\/\\\/x.com\\\/hammamandalusi\",\"https:\\\/\\\/www.instagram.com\\\/hammamandalusi\\\/\",\"https:\\\/\\\/www.youtube.com\\\/channel\\\/UC1TLzCOjwIhJKsAflTeJ6FQ\"]}]}<\/script>\n<!-- \/ Yoast SEO plugin. -->","yoast_head_json":{"title":"GIFT - Ba\u00f1os Arabes Jerez | Hammam Andalusi Jerez | M\u00e1s que un spa en Jerez|C\u00e1diz","robots":{"index":"index","follow":"follow","max-snippet":"max-snippet:-1","max-image-preview":"max-image-preview:large","max-video-preview":"max-video-preview:-1"},"canonical":"https:\/\/hammamandalusi.com\/en\/gift\/","og_locale":"en_US","og_type":"article","og_title":"GIFT - Ba\u00f1os Arabes Jerez | Hammam Andalusi Jerez | M\u00e1s que un spa en Jerez|C\u00e1diz","og_url":"https:\/\/hammamandalusi.com\/en\/gift\/","og_site_name":"Ba\u00f1os Arabes Jerez | Hammam Andalusi Jerez | M\u00e1s que un spa en Jerez|C\u00e1diz","article_publisher":"https:\/\/www.facebook.com\/hammamandalusi.jerez\/","article_modified_time":"2025-12-18T13:33:25+00:00","og_image":[{"width":2560,"height":1274,"url":"https:\/\/hammamandalusi.com\/wp-content\/uploads\/2019\/11\/Hamman-Andalusi-scaled.jpg","type":"image\/jpeg"}],"twitter_card":"summary_large_image","twitter_site":"@hammamandalusi","twitter_misc":{"Est. reading time":"1 minute"},"schema":{"@context":"https:\/\/schema.org","@graph":[{"@type":"WebPage","@id":"https:\/\/hammamandalusi.com\/en\/gift\/","url":"https:\/\/hammamandalusi.com\/en\/gift\/","name":"GIFT - Ba\u00f1os Arabes Jerez | Hammam Andalusi Jerez | M\u00e1s que un spa en Jerez|C\u00e1diz","isPartOf":{"@id":"https:\/\/hammamandalusi.com\/#website"},"primaryImageOfPage":{"@id":"https:\/\/hammamandalusi.com\/en\/gift\/#primaryimage"},"image":{"@id":"https:\/\/hammamandalusi.com\/en\/gift\/#primaryimage"},"thumbnailUrl":"https:\/\/hammamandalusi.com\/wp-content\/uploads\/2019\/11\/Hamman-Andalusi-scaled.jpg","datePublished":"2019-12-10T07:32:15+00:00","dateModified":"2025-12-18T13:33:25+00:00","breadcrumb":{"@id":"https:\/\/hammamandalusi.com\/en\/gift\/#breadcrumb"},"inLanguage":"en-US","potentialAction":[{"@type":"ReadAction","target":["https:\/\/hammamandalusi.com\/en\/gift\/"]}]},{"@type":"ImageObject","inLanguage":"en-US","@id":"https:\/\/hammamandalusi.com\/en\/gift\/#primaryimage","url":"https:\/\/hammamandalusi.com\/wp-content\/uploads\/2019\/11\/Hamman-Andalusi-scaled.jpg","contentUrl":"https:\/\/hammamandalusi.com\/wp-content\/uploads\/2019\/11\/Hamman-Andalusi-scaled.jpg","width":2560,"height":1274,"caption":"Hamman Andalusi"},{"@type":"BreadcrumbList","@id":"https:\/\/hammamandalusi.com\/en\/gift\/#breadcrumb","itemListElement":[{"@type":"ListItem","position":1,"name":"Portada","item":"https:\/\/hammamandalusi.com\/en\/"},{"@type":"ListItem","position":2,"name":"GIFT"}]},{"@type":"WebSite","@id":"https:\/\/hammamandalusi.com\/#website","url":"https:\/\/hammamandalusi.com\/","name":"Ba\u00f1os Arabes Jerez | Hammam Andalusi Jerez","description":"Ba\u00f1os \u00e1rabes en Jerez para desconectar de la rutina y sumergirte en el legado andalus\u00ed. M\u00e1s que un simple spa en Jerez, ofrecemos circuito de contrastes, tratamientos especiales, masajes relajantes. Eventos en nuestro mirador.","publisher":{"@id":"https:\/\/hammamandalusi.com\/#organization"},"potentialAction":[{"@type":"SearchAction","target":{"@type":"EntryPoint","urlTemplate":"https:\/\/hammamandalusi.com\/?s={search_term_string}"},"query-input":{"@type":"PropertyValueSpecification","valueRequired":true,"valueName":"search_term_string"}}],"inLanguage":"en-US"},{"@type":"Organization","@id":"https:\/\/hammamandalusi.com\/#organization","name":"Hammam Andalusi Ba\u00f1os \u00c1rabes Jerez","url":"https:\/\/hammamandalusi.com\/","logo":{"@type":"ImageObject","inLanguage":"en-US","@id":"https:\/\/hammamandalusi.com\/#\/schema\/logo\/image\/","url":"https:\/\/hammamandalusi.com\/wp-content\/uploads\/2020\/01\/perfil_01.jpg","contentUrl":"https:\/\/hammamandalusi.com\/wp-content\/uploads\/2020\/01\/perfil_01.jpg","width":591,"height":591,"caption":"Hammam Andalusi Ba\u00f1os \u00c1rabes Jerez"},"image":{"@id":"https:\/\/hammamandalusi.com\/#\/schema\/logo\/image\/"},"sameAs":["https:\/\/www.facebook.com\/hammamandalusi.jerez\/","https:\/\/x.com\/hammamandalusi","https:\/\/www.instagram.com\/hammamandalusi\/","https:\/\/www.youtube.com\/channel\/UC1TLzCOjwIhJKsAflTeJ6FQ"]}]}},"jetpack_sharing_enabled":true,"_links":{"self":[{"href":"https:\/\/hammamandalusi.com\/en\/wp-json\/wp\/v2\/pages\/454","targetHints":{"allow":["GET"]}}],"collection":[{"href":"https:\/\/hammamandalusi.com\/en\/wp-json\/wp\/v2\/pages"}],"about":[{"href":"https:\/\/hammamandalusi.com\/en\/wp-json\/wp\/v2\/types\/page"}],"author":[{"embeddable":true,"href":"https:\/\/hammamandalusi.com\/en\/wp-json\/wp\/v2\/users\/3"}],"replies":[{"embeddable":true,"href":"https:\/\/hammamandalusi.com\/en\/wp-json\/wp\/v2\/comments?post=454"}],"version-history":[{"count":12,"href":"https:\/\/hammamandalusi.com\/en\/wp-json\/wp\/v2\/pages\/454\/revisions"}],"predecessor-version":[{"id":18017,"href":"https:\/\/hammamandalusi.com\/en\/wp-json\/wp\/v2\/pages\/454\/revisions\/18017"}],"wp:featuredmedia":[{"embeddable":true,"href":"https:\/\/hammamandalusi.com\/en\/wp-json\/wp\/v2\/media\/361"}],"wp:attachment":[{"href":"https:\/\/hammamandalusi.com\/en\/wp-json\/wp\/v2\/media?parent=454"}],"curies":[{"name":"wp","href":"https:\/\/api.w.org\/{rel}","templated":true}]}}