{"id":452,"date":"2019-12-10T07:31:36","date_gmt":"2019-12-10T07:31:36","guid":{"rendered":"https:\/\/www.hammamandalusi.com\/promociones\/"},"modified":"2020-01-15T08:52:48","modified_gmt":"2020-01-15T08:52:48","slug":"special-offers","status":"publish","type":"page","link":"https:\/\/hammamandalusi.com\/en\/special-offers\/","title":{"rendered":"SPECIAL OFFERS"},"content":{"rendered":"\n  <div id=\"page-header-383150410\" class=\"page-header-wrapper\">\n  <div class=\"page-title dark featured-title\">\n\n    \n    <div class=\"page-title-inner container align-center text-center flex-row-col medium-flex-wrap\" >\n              <div class=\"title-wrapper flex-col\">\n          <h1 class=\"entry-title mb-0\">\n            SPECIAL OFFERS          <\/h1>\n        <\/div>\n                <div class=\"page-title-sub op-7 flex-col\">\n          <p class=\"lead\">Find here the latest special offers available at our Hammam Andalus\u00ed. These are the currently available offers: And these, the most requested experiences of the month:<\/p>\n        <\/div>\n                    <div class=\"title-content flex-col\">\n        <ul class=\"nav sm-touch-scroll nav-line nav-uppercase text-center nav-center\"><li class=\"nav-single-page hidden\"><\/li><\/ul>      <\/div>\n    <\/div>\n\n     \n<style>\n#page-header-383150410 .page-title-inner {\n  min-height: 300px;\n}\n#page-header-383150410 .title-bg {\n  background-position: 40% 39%;\n}\n<\/style>\n  <\/div>\n    <\/div>\n  \n\n\n\t<section class=\"section\" id=\"section_1028480997\">\n\t\t<div class=\"section-bg fill\" >\n\t\t\t\t\t\t\t\t\t\n\t\t\t\n\n\t\t<\/div>\n\n\t\t\n\n\t\t<div class=\"section-content relative\">\n\t\t\t\n\n<div class=\"row\"  id=\"row-1414520522\">\n\n\n\t<div id=\"col-33754301\" class=\"col small-12 large-12\"  >\n\t\t\t\t<div class=\"col-inner\" style=\"background-color:rgb(255,255,255);\" >\n\t\t\t\n\t\t\t\n\n<div class=\"text-center\"><div class=\"is-divider divider clearfix\" style=\"margin-top:10px;margin-bottom:10px;background-color:rgba(0, 0, 0, 0.16);\"><\/div><\/div>\n\n<div class=\"row align-center\"  id=\"row-814548649\">\n\n\n\t<div id=\"col-2022044783\" class=\"col medium-11 small-12 large-12\"  >\n\t\t\t\t<div class=\"col-inner\"  >\n\t\t\t\n\t\t\t\n\n\t\n  \n    <div class=\"row large-columns-3 medium-columns- small-columns-2 row-small\" >\n  <\/div>\n\n\n\t\t<\/div>\n\t\t\t\t\n<style>\n#col-2022044783 > .col-inner {\n  margin: 0px 0px 0 0px;\n}\n<\/style>\n\t<\/div>\n\n\t\n\n<\/div>\n\n\t\t<\/div>\n\t\t\t\t\n<style>\n#col-33754301 > .col-inner {\n  padding: 50px 0px 0px 0px;\n  margin: 0 0px 0px 0px;\n}\n<\/style>\n\t<\/div>\n\n\t\n\n<\/div>\n\n\t\t<\/div>\n\n\t\t\n<style>\n#section_1028480997 {\n  padding-top: 30px;\n  padding-bottom: 30px;\n}\n<\/style>\n\t<\/section>\n\t\n","protected":false},"excerpt":{"rendered":"","protected":false},"author":3,"featured_media":0,"parent":0,"menu_order":0,"comment_status":"closed","ping_status":"closed","template":"page-blank.php","meta":{"footnotes":""},"class_list":["post-452","page","type-page","status-publish","hentry"],"yoast_head":"<!-- This site is optimized with the Yoast SEO plugin v27.3 - https:\/\/yoast.com\/product\/yoast-seo-wordpress\/ -->\n<title>SPECIAL OFFERS - Ba\u00f1os Arabes Jerez | Hammam Andalusi Jerez | M\u00e1s que un spa en Jerez|C\u00e1diz<\/title>\n<meta name=\"robots\" content=\"index, follow, max-snippet:-1, max-image-preview:large, max-video-preview:-1\" \/>\n<link rel=\"canonical\" href=\"https:\/\/hammamandalusi.com\/en\/special-offers\/\" \/>\n<meta property=\"og:locale\" content=\"en_US\" \/>\n<meta property=\"og:type\" content=\"article\" \/>\n<meta property=\"og:title\" content=\"SPECIAL OFFERS - Ba\u00f1os Arabes Jerez | Hammam Andalusi Jerez | M\u00e1s que un spa en Jerez|C\u00e1diz\" \/>\n<meta property=\"og:url\" content=\"https:\/\/hammamandalusi.com\/en\/special-offers\/\" \/>\n<meta property=\"og:site_name\" content=\"Ba\u00f1os Arabes Jerez | Hammam Andalusi Jerez | M\u00e1s que un spa en Jerez|C\u00e1diz\" \/>\n<meta property=\"article:publisher\" content=\"https:\/\/www.facebook.com\/hammamandalusi.jerez\/\" \/>\n<meta property=\"article:modified_time\" content=\"2020-01-15T08:52:48+00:00\" \/>\n<meta property=\"og:image\" content=\"https:\/\/hammamandalusi.com\/wp-content\/uploads\/2019\/11\/Hamman-Andalusi-scaled.jpg\" \/>\n\t<meta property=\"og:image:width\" content=\"2560\" \/>\n\t<meta property=\"og:image:height\" content=\"1274\" \/>\n\t<meta property=\"og:image:type\" content=\"image\/jpeg\" \/>\n<meta name=\"twitter:card\" content=\"summary_large_image\" \/>\n<meta name=\"twitter:site\" content=\"@hammamandalusi\" \/>\n<script type=\"application\/ld+json\" class=\"yoast-schema-graph\">{\"@context\":\"https:\\\/\\\/schema.org\",\"@graph\":[{\"@type\":\"WebPage\",\"@id\":\"https:\\\/\\\/hammamandalusi.com\\\/en\\\/special-offers\\\/\",\"url\":\"https:\\\/\\\/hammamandalusi.com\\\/en\\\/special-offers\\\/\",\"name\":\"SPECIAL OFFERS - Ba\u00f1os Arabes Jerez | Hammam Andalusi Jerez | M\u00e1s que un spa en Jerez|C\u00e1diz\",\"isPartOf\":{\"@id\":\"https:\\\/\\\/hammamandalusi.com\\\/#website\"},\"datePublished\":\"2019-12-10T07:31:36+00:00\",\"dateModified\":\"2020-01-15T08:52:48+00:00\",\"breadcrumb\":{\"@id\":\"https:\\\/\\\/hammamandalusi.com\\\/en\\\/special-offers\\\/#breadcrumb\"},\"inLanguage\":\"en-US\",\"potentialAction\":[{\"@type\":\"ReadAction\",\"target\":[\"https:\\\/\\\/hammamandalusi.com\\\/en\\\/special-offers\\\/\"]}]},{\"@type\":\"BreadcrumbList\",\"@id\":\"https:\\\/\\\/hammamandalusi.com\\\/en\\\/special-offers\\\/#breadcrumb\",\"itemListElement\":[{\"@type\":\"ListItem\",\"position\":1,\"name\":\"Portada\",\"item\":\"https:\\\/\\\/hammamandalusi.com\\\/en\\\/\"},{\"@type\":\"ListItem\",\"position\":2,\"name\":\"SPECIAL OFFERS\"}]},{\"@type\":\"WebSite\",\"@id\":\"https:\\\/\\\/hammamandalusi.com\\\/#website\",\"url\":\"https:\\\/\\\/hammamandalusi.com\\\/\",\"name\":\"Ba\u00f1os Arabes Jerez | Hammam Andalusi Jerez\",\"description\":\"Ba\u00f1os \u00e1rabes en Jerez para desconectar de la rutina y sumergirte en el legado andalus\u00ed. M\u00e1s que un simple spa en Jerez, ofrecemos circuito de contrastes, tratamientos especiales, masajes relajantes. Eventos en nuestro mirador.\",\"publisher\":{\"@id\":\"https:\\\/\\\/hammamandalusi.com\\\/#organization\"},\"potentialAction\":[{\"@type\":\"SearchAction\",\"target\":{\"@type\":\"EntryPoint\",\"urlTemplate\":\"https:\\\/\\\/hammamandalusi.com\\\/?s={search_term_string}\"},\"query-input\":{\"@type\":\"PropertyValueSpecification\",\"valueRequired\":true,\"valueName\":\"search_term_string\"}}],\"inLanguage\":\"en-US\"},{\"@type\":\"Organization\",\"@id\":\"https:\\\/\\\/hammamandalusi.com\\\/#organization\",\"name\":\"Hammam Andalusi Ba\u00f1os \u00c1rabes Jerez\",\"url\":\"https:\\\/\\\/hammamandalusi.com\\\/\",\"logo\":{\"@type\":\"ImageObject\",\"inLanguage\":\"en-US\",\"@id\":\"https:\\\/\\\/hammamandalusi.com\\\/#\\\/schema\\\/logo\\\/image\\\/\",\"url\":\"https:\\\/\\\/hammamandalusi.com\\\/wp-content\\\/uploads\\\/2020\\\/01\\\/perfil_01.jpg\",\"contentUrl\":\"https:\\\/\\\/hammamandalusi.com\\\/wp-content\\\/uploads\\\/2020\\\/01\\\/perfil_01.jpg\",\"width\":591,\"height\":591,\"caption\":\"Hammam Andalusi Ba\u00f1os \u00c1rabes Jerez\"},\"image\":{\"@id\":\"https:\\\/\\\/hammamandalusi.com\\\/#\\\/schema\\\/logo\\\/image\\\/\"},\"sameAs\":[\"https:\\\/\\\/www.facebook.com\\\/hammamandalusi.jerez\\\/\",\"https:\\\/\\\/x.com\\\/hammamandalusi\",\"https:\\\/\\\/www.instagram.com\\\/hammamandalusi\\\/\",\"https:\\\/\\\/www.youtube.com\\\/channel\\\/UC1TLzCOjwIhJKsAflTeJ6FQ\"]}]}<\/script>\n<!-- \/ Yoast SEO plugin. -->","yoast_head_json":{"title":"SPECIAL OFFERS - Ba\u00f1os Arabes Jerez | Hammam Andalusi Jerez | M\u00e1s que un spa en Jerez|C\u00e1diz","robots":{"index":"index","follow":"follow","max-snippet":"max-snippet:-1","max-image-preview":"max-image-preview:large","max-video-preview":"max-video-preview:-1"},"canonical":"https:\/\/hammamandalusi.com\/en\/special-offers\/","og_locale":"en_US","og_type":"article","og_title":"SPECIAL OFFERS - Ba\u00f1os Arabes Jerez | Hammam Andalusi Jerez | M\u00e1s que un spa en Jerez|C\u00e1diz","og_url":"https:\/\/hammamandalusi.com\/en\/special-offers\/","og_site_name":"Ba\u00f1os Arabes Jerez | Hammam Andalusi Jerez | M\u00e1s que un spa en Jerez|C\u00e1diz","article_publisher":"https:\/\/www.facebook.com\/hammamandalusi.jerez\/","article_modified_time":"2020-01-15T08:52:48+00:00","og_image":[{"width":2560,"height":1274,"url":"https:\/\/hammamandalusi.com\/wp-content\/uploads\/2019\/11\/Hamman-Andalusi-scaled.jpg","type":"image\/jpeg"}],"twitter_card":"summary_large_image","twitter_site":"@hammamandalusi","schema":{"@context":"https:\/\/schema.org","@graph":[{"@type":"WebPage","@id":"https:\/\/hammamandalusi.com\/en\/special-offers\/","url":"https:\/\/hammamandalusi.com\/en\/special-offers\/","name":"SPECIAL OFFERS - Ba\u00f1os Arabes Jerez | Hammam Andalusi Jerez | M\u00e1s que un spa en Jerez|C\u00e1diz","isPartOf":{"@id":"https:\/\/hammamandalusi.com\/#website"},"datePublished":"2019-12-10T07:31:36+00:00","dateModified":"2020-01-15T08:52:48+00:00","breadcrumb":{"@id":"https:\/\/hammamandalusi.com\/en\/special-offers\/#breadcrumb"},"inLanguage":"en-US","potentialAction":[{"@type":"ReadAction","target":["https:\/\/hammamandalusi.com\/en\/special-offers\/"]}]},{"@type":"BreadcrumbList","@id":"https:\/\/hammamandalusi.com\/en\/special-offers\/#breadcrumb","itemListElement":[{"@type":"ListItem","position":1,"name":"Portada","item":"https:\/\/hammamandalusi.com\/en\/"},{"@type":"ListItem","position":2,"name":"SPECIAL OFFERS"}]},{"@type":"WebSite","@id":"https:\/\/hammamandalusi.com\/#website","url":"https:\/\/hammamandalusi.com\/","name":"Ba\u00f1os Arabes Jerez | Hammam Andalusi Jerez","description":"Ba\u00f1os \u00e1rabes en Jerez para desconectar de la rutina y sumergirte en el legado andalus\u00ed. M\u00e1s que un simple spa en Jerez, ofrecemos circuito de contrastes, tratamientos especiales, masajes relajantes. Eventos en nuestro mirador.","publisher":{"@id":"https:\/\/hammamandalusi.com\/#organization"},"potentialAction":[{"@type":"SearchAction","target":{"@type":"EntryPoint","urlTemplate":"https:\/\/hammamandalusi.com\/?s={search_term_string}"},"query-input":{"@type":"PropertyValueSpecification","valueRequired":true,"valueName":"search_term_string"}}],"inLanguage":"en-US"},{"@type":"Organization","@id":"https:\/\/hammamandalusi.com\/#organization","name":"Hammam Andalusi Ba\u00f1os \u00c1rabes Jerez","url":"https:\/\/hammamandalusi.com\/","logo":{"@type":"ImageObject","inLanguage":"en-US","@id":"https:\/\/hammamandalusi.com\/#\/schema\/logo\/image\/","url":"https:\/\/hammamandalusi.com\/wp-content\/uploads\/2020\/01\/perfil_01.jpg","contentUrl":"https:\/\/hammamandalusi.com\/wp-content\/uploads\/2020\/01\/perfil_01.jpg","width":591,"height":591,"caption":"Hammam Andalusi Ba\u00f1os \u00c1rabes Jerez"},"image":{"@id":"https:\/\/hammamandalusi.com\/#\/schema\/logo\/image\/"},"sameAs":["https:\/\/www.facebook.com\/hammamandalusi.jerez\/","https:\/\/x.com\/hammamandalusi","https:\/\/www.instagram.com\/hammamandalusi\/","https:\/\/www.youtube.com\/channel\/UC1TLzCOjwIhJKsAflTeJ6FQ"]}]}},"jetpack_sharing_enabled":true,"_links":{"self":[{"href":"https:\/\/hammamandalusi.com\/en\/wp-json\/wp\/v2\/pages\/452","targetHints":{"allow":["GET"]}}],"collection":[{"href":"https:\/\/hammamandalusi.com\/en\/wp-json\/wp\/v2\/pages"}],"about":[{"href":"https:\/\/hammamandalusi.com\/en\/wp-json\/wp\/v2\/types\/page"}],"author":[{"embeddable":true,"href":"https:\/\/hammamandalusi.com\/en\/wp-json\/wp\/v2\/users\/3"}],"replies":[{"embeddable":true,"href":"https:\/\/hammamandalusi.com\/en\/wp-json\/wp\/v2\/comments?post=452"}],"version-history":[{"count":7,"href":"https:\/\/hammamandalusi.com\/en\/wp-json\/wp\/v2\/pages\/452\/revisions"}],"predecessor-version":[{"id":791,"href":"https:\/\/hammamandalusi.com\/en\/wp-json\/wp\/v2\/pages\/452\/revisions\/791"}],"wp:attachment":[{"href":"https:\/\/hammamandalusi.com\/en\/wp-json\/wp\/v2\/media?parent=452"}],"curies":[{"name":"wp","href":"https:\/\/api.w.org\/{rel}","templated":true}]}}